{"id":305,"date":"2025-12-04T16:10:13","date_gmt":"2025-12-04T16:10:13","guid":{"rendered":"https:\/\/tech-pomp.skydoo.com.pl\/?page_id=305"},"modified":"2025-12-08T09:20:20","modified_gmt":"2025-12-08T09:20:20","slug":"kontakt","status":"publish","type":"page","link":"https:\/\/tech-pomp.skydoo.com.pl\/?page_id=305","title":{"rendered":"Kontakt"},"content":{"rendered":"\t\t<div data-elementor-type=\"wp-page\" data-elementor-id=\"305\" class=\"elementor elementor-305\" data-elementor-post-type=\"page\">\n\t\t\t\t<div class=\"elementor-element elementor-element-4fb5200 e-con-full e-flex e-con e-parent\" data-id=\"4fb5200\" data-element_type=\"container\">\n\t\t<div class=\"elementor-element elementor-element-3b951e0 e-con-full e-flex e-con e-child\" data-id=\"3b951e0\" data-element_type=\"container\" data-settings=\"{&quot;background_background&quot;:&quot;classic&quot;}\">\n\t\t<div class=\"elementor-element elementor-element-a7e6e9f e-con-full e-flex e-con e-child\" data-id=\"a7e6e9f\" data-element_type=\"container\">\n\t\t\t\t<div class=\"elementor-element elementor-element-0752475 elementor-widget elementor-widget-heading\" data-id=\"0752475\" data-element_type=\"widget\" data-widget_type=\"heading.default\">\n\t\t\t\t<div class=\"elementor-widget-container\">\n\t\t\t\t\t<h3 class=\"elementor-heading-title elementor-size-default\">Kontakt<\/h3>\t\t\t\t<\/div>\n\t\t\t\t<\/div>\n\t\t\t\t<div class=\"elementor-element elementor-element-f5ecd1f elementor-widget-divider--view-line elementor-widget elementor-widget-divider\" data-id=\"f5ecd1f\" data-element_type=\"widget\" data-widget_type=\"divider.default\">\n\t\t\t\t<div class=\"elementor-widget-container\">\n\t\t\t\t\t\t\t<div class=\"elementor-divider\">\n\t\t\t<span class=\"elementor-divider-separator\">\n\t\t\t\t\t\t<\/span>\n\t\t<\/div>\n\t\t\t\t\t\t<\/div>\n\t\t\t\t<\/div>\n\t\t\t\t<div class=\"elementor-element elementor-element-5bfa9d4 elementor-widget elementor-widget-heading\" data-id=\"5bfa9d4\" data-element_type=\"widget\" data-widget_type=\"heading.default\">\n\t\t\t\t<div class=\"elementor-widget-container\">\n\t\t\t\t\t<h2 class=\"elementor-heading-title elementor-size-default\">TECH-POMP MJ SP. Z O.O.<\/h2>\t\t\t\t<\/div>\n\t\t\t\t<\/div>\n\t\t\t\t<div class=\"elementor-element elementor-element-2acb546 elementor-widget elementor-widget-text-editor\" data-id=\"2acb546\" data-element_type=\"widget\" data-widget_type=\"text-editor.default\">\n\t\t\t\t<div class=\"elementor-widget-container\">\n\t\t\t\t\t\t\t\t\t<p>Al. Sztandar\u00f3w 1\/3<br>04-423 Warszawa<\/p>\t\t\t\t\t\t\t\t<\/div>\n\t\t\t\t<\/div>\n\t\t<div class=\"elementor-element elementor-element-493f49a e-con-full e-flex e-con e-child\" data-id=\"493f49a\" data-element_type=\"container\">\n\t\t<div class=\"elementor-element elementor-element-29a85b7 e-con-full e-flex e-con e-child\" data-id=\"29a85b7\" data-element_type=\"container\" data-settings=\"{&quot;background_background&quot;:&quot;classic&quot;}\">\n\t\t\t\t<div class=\"elementor-element elementor-element-9c0a18d elementor-widget elementor-widget-text-editor\" data-id=\"9c0a18d\" data-element_type=\"widget\" data-widget_type=\"text-editor.default\">\n\t\t\t\t<div class=\"elementor-widget-container\">\n\t\t\t\t\t\t\t\t\t<p><strong>Zadzwo\u0144 lub wy\u015blij fax<\/strong><br \/>Telefon: <a href=\"tel:+48 22 612 98 24\">+48 22 612 98 24<\/a><\/p>\t\t\t\t\t\t\t\t<\/div>\n\t\t\t\t<\/div>\n\t\t\t\t<\/div>\n\t\t<div class=\"elementor-element elementor-element-cdfcec4 e-con-full e-flex e-con e-child\" data-id=\"cdfcec4\" data-element_type=\"container\" data-settings=\"{&quot;background_background&quot;:&quot;classic&quot;}\">\n\t\t\t\t<div class=\"elementor-element elementor-element-a810ac5 elementor-widget elementor-widget-text-editor\" data-id=\"a810ac5\" data-element_type=\"widget\" data-widget_type=\"text-editor.default\">\n\t\t\t\t<div class=\"elementor-widget-container\">\n\t\t\t\t\t\t\t\t\t<p><strong>Napisz<\/strong><br \/><a href=\"mailto:handlowy@techpomp.pl\">handlowy@techpomp.pl<\/a><br \/><a href=\"mailto:techpomp@techpomp.pl\">techpomp@techpomp.pl<\/a><\/p>\t\t\t\t\t\t\t\t<\/div>\n\t\t\t\t<\/div>\n\t\t\t\t<\/div>\n\t\t\t\t<\/div>\n\t\t<div class=\"elementor-element elementor-element-6448d18 e-con-full e-flex e-con e-child\" data-id=\"6448d18\" data-element_type=\"container\">\n\t\t<div class=\"elementor-element elementor-element-1f91e93 e-con-full e-flex e-con e-child\" data-id=\"1f91e93\" data-element_type=\"container\">\n\t\t\t\t<div class=\"elementor-element elementor-element-e2de58b elementor-widget elementor-widget-text-editor\" data-id=\"e2de58b\" data-element_type=\"widget\" data-widget_type=\"text-editor.default\">\n\t\t\t\t<div class=\"elementor-widget-container\">\n\t\t\t\t\t\t\t\t\t<p>NIP: 9522261023<br \/>KRS: 0000108752<br \/>REGON: 529714862<br \/>BDO: 000666672<\/p>\t\t\t\t\t\t\t\t<\/div>\n\t\t\t\t<\/div>\n\t\t\t\t<\/div>\n\t\t<div class=\"elementor-element elementor-element-3711ed0 e-con-full e-flex e-con e-child\" data-id=\"3711ed0\" data-element_type=\"container\">\n\t\t\t\t<div class=\"elementor-element elementor-element-e06d5ee elementor-widget elementor-widget-text-editor\" data-id=\"e06d5ee\" data-element_type=\"widget\" data-widget_type=\"text-editor.default\">\n\t\t\t\t<div class=\"elementor-widget-container\">\n\t\t\t\t\t\t\t\t\t<p>KRS: 0001128763; S\u0105d Rejonowy dla m.st. Warszawy w Warszawie,\u00a0XIV Wydzia\u0142 Gospodarczy KRS <br \/>Kapita\u0142 zak\u0142adowy 85\u00a0000,00 PLN, wp\u0142acony w ca\u0142o\u015bci<\/p>\t\t\t\t\t\t\t\t<\/div>\n\t\t\t\t<\/div>\n\t\t\t\t<\/div>\n\t\t\t\t<\/div>\n\t\t\t\t<\/div>\n\t\t\t\t<\/div>\n\t\t<div class=\"elementor-element elementor-element-a81ca5b e-con-full e-flex e-con e-child\" data-id=\"a81ca5b\" data-element_type=\"container\">\n\t\t\t\t<div class=\"elementor-element elementor-element-fdbbb19 elementor-widget elementor-widget-google_maps\" data-id=\"fdbbb19\" data-element_type=\"widget\" data-widget_type=\"google_maps.default\">\n\t\t\t\t<div class=\"elementor-widget-container\">\n\t\t\t\t\t\t\t<div class=\"elementor-custom-embed\">\n\t\t\t<iframe loading=\"lazy\"\n\t\t\t\t\tsrc=\"https:\/\/maps.google.com\/maps?q=Al.%20Sztandar%C3%B3w%201%2F3%E2%80%A804-423%20Warszawa%20tech-pomp&#038;t=m&#038;z=16&#038;output=embed&#038;iwloc=near\"\n\t\t\t\t\ttitle=\"Al. Sztandar\u00f3w 1\/3\u202804-423 Warszawa tech-pomp\"\n\t\t\t\t\taria-label=\"Al. Sztandar\u00f3w 1\/3\u202804-423 Warszawa tech-pomp\"\n\t\t\t><\/iframe>\n\t\t<\/div>\n\t\t\t\t\t\t<\/div>\n\t\t\t\t<\/div>\n\t\t\t\t<\/div>\n\t\t\t\t<\/div>\n\t\t\t\t<\/div>\n\t\t","protected":false},"excerpt":{"rendered":"<p>Kontakt TECH-POMP MJ SP. Z O.O. Al. Sztandar\u00f3w 1\/304-423 Warszawa Zadzwo\u0144 lub wy\u015blij faxTelefon: +48 22 612 98 24 Napiszhandlowy@techpomp.pltechpomp@techpomp.pl NIP: 9522261023KRS: 0000108752REGON: 529714862BDO: 000666672 KRS: 0001128763; S\u0105d Rejonowy dla m.st. Warszawy w Warszawie,\u00a0XIV Wydzia\u0142 Gospodarczy KRS Kapita\u0142 zak\u0142adowy 85\u00a0000,00 PLN, wp\u0142acony w ca\u0142o\u015bci<\/p>\n","protected":false},"author":1,"featured_media":0,"parent":0,"menu_order":0,"comment_status":"closed","ping_status":"closed","template":"elementor_header_footer","meta":{"footnotes":""},"class_list":["post-305","page","type-page","status-publish","hentry"],"_links":{"self":[{"href":"https:\/\/tech-pomp.skydoo.com.pl\/index.php?rest_route=\/wp\/v2\/pages\/305","targetHints":{"allow":["GET"]}}],"collection":[{"href":"https:\/\/tech-pomp.skydoo.com.pl\/index.php?rest_route=\/wp\/v2\/pages"}],"about":[{"href":"https:\/\/tech-pomp.skydoo.com.pl\/index.php?rest_route=\/wp\/v2\/types\/page"}],"author":[{"embeddable":true,"href":"https:\/\/tech-pomp.skydoo.com.pl\/index.php?rest_route=\/wp\/v2\/users\/1"}],"replies":[{"embeddable":true,"href":"https:\/\/tech-pomp.skydoo.com.pl\/index.php?rest_route=%2Fwp%2Fv2%2Fcomments&post=305"}],"version-history":[{"count":13,"href":"https:\/\/tech-pomp.skydoo.com.pl\/index.php?rest_route=\/wp\/v2\/pages\/305\/revisions"}],"predecessor-version":[{"id":344,"href":"https:\/\/tech-pomp.skydoo.com.pl\/index.php?rest_route=\/wp\/v2\/pages\/305\/revisions\/344"}],"wp:attachment":[{"href":"https:\/\/tech-pomp.skydoo.com.pl\/index.php?rest_route=%2Fwp%2Fv2%2Fmedia&parent=305"}],"curies":[{"name":"wp","href":"https:\/\/api.w.org\/{rel}","templated":true}]}}